{"id":19245,"date":"2026-04-07T04:34:26","date_gmt":"2026-04-07T02:34:26","guid":{"rendered":"https:\/\/workhardacademy.cl\/?page_id=19245"},"modified":"2026-04-07T20:44:00","modified_gmt":"2026-04-08T00:44:00","slug":"home-principal-workhard-academy","status":"publish","type":"page","link":"https:\/\/workhardacademy.cl\/es\/","title":{"rendered":"Home Principal WorkHard Academy"},"content":{"rendered":"<div data-elementor-type=\"wp-page\" data-elementor-id=\"19245\" class=\"elementor elementor-19245\">\n\t\t\t\t<div class=\"elementor-element elementor-element-31cbab5 e-flex e-con-boxed e-con e-parent\" data-id=\"31cbab5\" data-element_type=\"container\" data-e-type=\"container\" data-settings=\"{&quot;background_background&quot;:&quot;classic&quot;}\">\n\t\t\t\t\t<div class=\"e-con-inner\">\n\t\t\t\t<div class=\"elementor-element elementor-element-325c281 elementor-widget elementor-widget-heading\" data-id=\"325c281\" data-element_type=\"widget\" data-e-type=\"widget\" data-widget_type=\"heading.default\">\n\t\t\t\t\t<h2 class=\"elementor-heading-title elementor-size-default\">P\u00e1gina En Construcci\u00f3n...<\/h2>\t\t\t\t<\/div>\n\t\t\t\t<div class=\"elementor-element elementor-element-2f46481 elementor-widget elementor-widget-heading\" data-id=\"2f46481\" data-element_type=\"widget\" data-e-type=\"widget\" data-widget_type=\"heading.default\">\n\t\t\t\t\t<h2 class=\"elementor-heading-title elementor-size-default\">Aqu\u00ed encontrar\u00e1s formaciones online y presenciales para entrenadores de \u00e9lite.<br>Metodolog\u00eda pr\u00e1ctica para dominar el mercado y vivir del fitness.<\/h2>\t\t\t\t<\/div>\n\t\t\t\t\t<\/div>\n\t\t\t\t<\/div>\n\t\t\t\t<\/div>","protected":false},"excerpt":{"rendered":"<p>P\u00e1gina En Construcci\u00f3n&#8230; Aqu\u00ed encontrar\u00e1s formaciones online y presenciales para entrenadores de \u00e9lite.Metodolog\u00eda pr\u00e1ctica para dominar el mercado y vivir del fitness.<\/p>","protected":false},"author":1,"featured_media":0,"parent":0,"menu_order":0,"comment_status":"closed","ping_status":"closed","template":"","meta":{"footnotes":""},"class_list":["post-19245","page","type-page","status-publish","hentry"],"_links":{"self":[{"href":"https:\/\/workhardacademy.cl\/es\/wp-json\/wp\/v2\/pages\/19245","targetHints":{"allow":["GET"]}}],"collection":[{"href":"https:\/\/workhardacademy.cl\/es\/wp-json\/wp\/v2\/pages"}],"about":[{"href":"https:\/\/workhardacademy.cl\/es\/wp-json\/wp\/v2\/types\/page"}],"author":[{"embeddable":true,"href":"https:\/\/workhardacademy.cl\/es\/wp-json\/wp\/v2\/users\/1"}],"replies":[{"embeddable":true,"href":"https:\/\/workhardacademy.cl\/es\/wp-json\/wp\/v2\/comments?post=19245"}],"version-history":[{"count":13,"href":"https:\/\/workhardacademy.cl\/es\/wp-json\/wp\/v2\/pages\/19245\/revisions"}],"predecessor-version":[{"id":19281,"href":"https:\/\/workhardacademy.cl\/es\/wp-json\/wp\/v2\/pages\/19245\/revisions\/19281"}],"wp:attachment":[{"href":"https:\/\/workhardacademy.cl\/es\/wp-json\/wp\/v2\/media?parent=19245"}],"curies":[{"name":"wp","href":"https:\/\/api.w.org\/{rel}","templated":true}]}}